{"id":24254,"date":"2022-06-02T09:39:35","date_gmt":"2022-06-02T07:39:35","guid":{"rendered":"http:\/\/bialaolecka.pl\/?page_id=24254"},"modified":"2023-07-07T11:51:08","modified_gmt":"2023-07-07T09:51:08","slug":"southern-collection","status":"publish","type":"page","link":"https:\/\/muzeum.bialaolecka.pl\/en\/southern-collection\/","title":{"rendered":"Southern collection"},"content":{"rendered":"<p>[vc_row][vc_column]\n\t\t\t<!-- START kolekcjapoludniowa REVOLUTION SLIDER 6.5.14 --><p class=\"rs-p-wp-fix\"><\/p>\n\t\t\t<rs-module-wrap id=\"rev_slider_88_1_wrapper\" data-source=\"gallery\" style=\"visibility:hidden;background:transparent;padding:0;margin:0px auto;margin-top:0;margin-bottom:0;\">\n\t\t\t\t<rs-module id=\"rev_slider_88_1\" style=\"\" data-version=\"6.5.14\">\n\t\t\t\t\t<rs-slides>\n\t\t\t\t\t\t<rs-slide style=\"position: absolute;\" data-key=\"rs-281\" data-title=\"Slide\" data-in=\"o:0;\" data-out=\"a:false;\">\n\t\t\t\t\t\t\t<img src=\"\/\/muzeum.bialaolecka.pl\/en\/wp-content\/plugins\/revslider\/public\/assets\/assets\/dummy.png\" alt=\"\" title=\"background_podstrona\" width=\"1920\" height=\"643\" class=\"rev-slidebg tp-rs-img rs-lazyload\" data-lazyload=\"\/\/muzeum.bialaolecka.pl\/en\/wp-content\/uploads\/2022\/06\/background_podstrona.jpg\" data-bg=\"p:center top;\" data-no-retina>\n<!--\t\t\t\t\t\t--><rs-zone id=\"rrzm_281\" class=\"rev_row_zone_middle\" style=\"z-index: 13;\"><!--\n\n\t\t\t\t\t\t\t\t--><rs-row\n\t\t\t\t\t\t\t\t\tid=\"slider-88-slide-281-layer-5\" \n\t\t\t\t\t\t\t\t\tdata-type=\"row\"\n\t\t\t\t\t\t\t\t\tdata-xy=\"xo:50px;yo:50px;\"\n\t\t\t\t\t\t\t\t\tdata-cbreak=\"3\"\n\t\t\t\t\t\t\t\t\tdata-rsp_bd=\"off\"\n\t\t\t\t\t\t\t\t\tdata-padding=\"t:10;r:10;b:10;l:10;\"\n\t\t\t\t\t\t\t\t\tdata-frame_0=\"o:1;\"\n\t\t\t\t\t\t\t\t\tdata-frame_999=\"o:0;st:w;sA:9000;\"\n\t\t\t\t\t\t\t\t\tstyle=\"z-index:1;\"\n\t\t\t\t\t\t\t\t><!--\n\t\t\t\t\t\t\t\t\t--><rs-column\n\t\t\t\t\t\t\t\t\t\tid=\"slider-88-slide-281-layer-6\" \n\t\t\t\t\t\t\t\t\t\tdata-type=\"column\"\n\t\t\t\t\t\t\t\t\t\tdata-xy=\"xo:50px;yo:50px;\"\n\t\t\t\t\t\t\t\t\t\tdata-text=\"a:left,left,left,center;\"\n\t\t\t\t\t\t\t\t\t\tdata-rsp_bd=\"off\"\n\t\t\t\t\t\t\t\t\t\tdata-padding=\"t:10;r:10;b:10;l:10;\"\n\t\t\t\t\t\t\t\t\t\tdata-frame_0=\"o:1;\"\n\t\t\t\t\t\t\t\t\t\tdata-frame_999=\"o:0;st:w;sA:9000;\"\n\t\t\t\t\t\t\t\t\t\tstyle=\"z-index:2;width:100%;\"\n\t\t\t\t\t\t\t\t\t><!--\n\t\t\t\t\t\t\t\t\t\t--><rs-layer\n\t\t\t\t\t\t\t\t\t\t\tid=\"slider-88-slide-281-layer-1\" \n\t\t\t\t\t\t\t\t\t\t\tdata-type=\"image\"\n\t\t\t\t\t\t\t\t\t\t\tdata-rsp_ch=\"on\"\n\t\t\t\t\t\t\t\t\t\t\tdata-xy=\"xo:0,0,0,13px;y:m,m,m,b;yo:0,0,0,10px;\"\n\t\t\t\t\t\t\t\t\t\t\tdata-text=\"w:normal;s:20,20,20,5;l:0,0,0,7;\"\n\t\t\t\t\t\t\t\t\t\t\tdata-dim=\"w:347px,347px,347px,250px;h:427px,427px,427px,308px;\"\n\t\t\t\t\t\t\t\t\t\t\tdata-disp=\"inline-block\"\n\t\t\t\t\t\t\t\t\t\t\tdata-frame_999=\"o:0;st:w;\"\n\t\t\t\t\t\t\t\t\t\t\tstyle=\"z-index:3;display:inline-block;\"\n\t\t\t\t\t\t\t\t\t\t><img src=\"\/\/muzeum.bialaolecka.pl\/en\/wp-content\/plugins\/revslider\/public\/assets\/assets\/dummy.png\" alt=\"\" class=\"tp-rs-img rs-lazyload\" width=\"483\" height=\"595\" data-lazyload=\"\/\/bialaolecka.pl\/wp-content\/uploads\/2022\/06\/kolekcja_poludniowa-1.jpg\" data-no-retina> \n\t\t\t\t\t\t\t\t\t\t<\/rs-layer><!--\n\t\t\t\t\t\t\t\t\t--><\/rs-column><!--\n\n\t\t\t\t\t\t\t\t\t--><rs-column\n\t\t\t\t\t\t\t\t\t\tid=\"slider-88-slide-281-layer-7\" \n\t\t\t\t\t\t\t\t\t\tdata-type=\"column\"\n\t\t\t\t\t\t\t\t\t\tdata-xy=\"xo:50px;yo:50px;\"\n\t\t\t\t\t\t\t\t\t\tdata-text=\"a:center;\"\n\t\t\t\t\t\t\t\t\t\tdata-rsp_bd=\"off\"\n\t\t\t\t\t\t\t\t\t\tdata-column=\"w:66.67%;a:middle;\"\n\t\t\t\t\t\t\t\t\t\tdata-padding=\"t:10;r:10;b:10;l:10;\"\n\t\t\t\t\t\t\t\t\t\tdata-frame_0=\"o:1;\"\n\t\t\t\t\t\t\t\t\t\tdata-frame_999=\"o:0;st:w;sA:9000;\"\n\t\t\t\t\t\t\t\t\t\tstyle=\"z-index:4;width:100%;\"\n\t\t\t\t\t\t\t\t\t><!--\n\t\t\t\t\t\t\t\t\t\t--><rs-layer\n\t\t\t\t\t\t\t\t\t\t\tid=\"slider-88-slide-281-layer-2\" \n\t\t\t\t\t\t\t\t\t\t\tdata-type=\"text\"\n\t\t\t\t\t\t\t\t\t\t\tdata-rsp_ch=\"on\"\n\t\t\t\t\t\t\t\t\t\t\tdata-xy=\"x:c;xo:0,0,0,87px;y:m;yo:0,0,0,-46px;\"\n\t\t\t\t\t\t\t\t\t\t\tdata-text=\"w:normal;s:22,22,22,25;l:23,23,23,30;a:left,left,left,center;\"\n\t\t\t\t\t\t\t\t\t\t\tdata-margin=\"t:60,60,60,19;\"\n\t\t\t\t\t\t\t\t\t\t\tdata-frame_999=\"o:0;st:w;\"\n\t\t\t\t\t\t\t\t\t\t\tstyle=\"z-index:5;font-family:'Limelight';\"\n\t\t\t\t\t\t\t\t\t\t>SOUTHERN COLLECTION \n\t\t\t\t\t\t\t\t\t\t<\/rs-layer><!--\n\n\t\t\t\t\t\t\t\t\t\t--><rs-layer\n\t\t\t\t\t\t\t\t\t\t\tid=\"slider-88-slide-281-layer-3\" \n\t\t\t\t\t\t\t\t\t\t\tdata-type=\"text\"\n\t\t\t\t\t\t\t\t\t\t\tdata-rsp_ch=\"on\"\n\t\t\t\t\t\t\t\t\t\t\tdata-xy=\"x:l,l,l,c;xo:0,0,0,89px;y:m;yo:0,0,0,-3px;\"\n\t\t\t\t\t\t\t\t\t\t\tdata-text=\"w:normal;s:37,37,37,30;l:41,41,41,29;a:left,left,left,center;\"\n\t\t\t\t\t\t\t\t\t\t\tdata-frame_999=\"o:0;st:w;\"\n\t\t\t\t\t\t\t\t\t\t\tstyle=\"z-index:6;font-family:'Limelight';\"\n\t\t\t\t\t\t\t\t\t\t>SOUTHERN COLLECTION<br \/>\nVEHICLES \n\t\t\t\t\t\t\t\t\t\t<\/rs-layer><!--\n\n\t\t\t\t\t\t\t\t\t\t--><rs-layer\n\t\t\t\t\t\t\t\t\t\t\tid=\"slider-88-slide-281-layer-4\" \n\t\t\t\t\t\t\t\t\t\t\tdata-type=\"text\"\n\t\t\t\t\t\t\t\t\t\t\tdata-rsp_ch=\"on\"\n\t\t\t\t\t\t\t\t\t\t\tdata-xy=\"xo:0,0,0,171px;yo:0,0,0,-6px;\"\n\t\t\t\t\t\t\t\t\t\t\tdata-text=\"w:normal;s:14;l:25,25,25,17;\"\n\t\t\t\t\t\t\t\t\t\t\tdata-vbility=\"t,t,f,f\"\n\t\t\t\t\t\t\t\t\t\t\tdata-margin=\"t:0,0,0,21;b:0,0,0,10;\"\n\t\t\t\t\t\t\t\t\t\t\tdata-frame_999=\"o:0;st:w;\"\n\t\t\t\t\t\t\t\t\t\t\tstyle=\"z-index:7;font-family:'Roboto';\"\n\t\t\t\t\t\t\t\t\t\t>A unique collection is presented at the \"\u010ceskoslovensk\u00e1 v\u00fdroba\" booth. It would seem that Czechoslovakia has never been an automotive basin by European standards, yet it has made an undeniable contribution to its history. The collection is primarily graced by a wide range of today's prized Tatras, including rear-engine air-cooled V-twins - the 603 and 613 models - and the Tatraplan model, unique in terms of its uncompromising approach to aerodynamic styling. \n\t\t\t\t\t\t\t\t\t\t<\/rs-layer><!--\n\t\t\t\t\t\t\t\t\t--><\/rs-column><!--\n\t\t\t\t\t\t\t\t--><\/rs-row><!--\n\t\t\t\t\t\t\t--><\/rs-zone><!--\n-->\t\t\t\t\t\t<\/rs-slide>\n\t\t\t\t\t<\/rs-slides>\n\t\t\t\t<\/rs-module>\n\t\t\t\t<script>\n\t\t\t\t\tsetREVStartSize({c: 'rev_slider_88_1',rl:[1240,1240,1240,480],el:[530,530,530,642],gw:[1500,1500,1500,480],gh:[530,530,530,325],type:'standard',justify:'',layout:'fullwidth',mh:\"0\"});if (window.RS_MODULES!==undefined && window.RS_MODULES.modules!==undefined && window.RS_MODULES.modules[\"revslider881\"]!==undefined) {window.RS_MODULES.modules[\"revslider881\"].once = false;window.revapi88 = undefined;if (window.RS_MODULES.checkMinimal!==undefined) window.RS_MODULES.checkMinimal()}\n\t\t\t\t<\/script>\n\t\t\t<\/rs-module-wrap>\n\t\t\t<!-- END REVOLUTION SLIDER -->\n[\/vc_column][\/vc_row][vc_row css=&#8221;.vc_custom_1655818215994{margin-top: 40px !important;}&#8221;][vc_column width=&#8221;1\/2&#8243; css=&#8221;.vc_custom_1654604905204{padding-left: 2vh !important;}&#8221;][vc_column_text css=&#8221;.vc_custom_1688723427293{padding-top: 4vh !important;}&#8221;]<\/p>\n<p>And what would the automotive adventure be for Poles if not for the rich tradition and range of single-track vehicles produced in Czechoslovakia? There are 30 exhibits in the collection. Even being a cinderella among vehicle manufacturers, do Romania and Hungary have something to offer from their history today? The rare Dacia Sport, from the second part of its name, sounds proud, but other than subtracting a pair of doors, was it sporty enough? Was the ARO the Jeep of the eastern bloc? Did Yugoslavia really only have a licensed Pledge and Yugo?<\/p>\n<p>[\/vc_column_text][vc_column_text css=&#8221;.vc_custom_1688723439612{padding-bottom: 2vh !important;}&#8221;]<\/p>\n<p style=\"text-align: center;\"><strong>Against the backdrop of these questions, Hungary at most could offer unicycles &#8211; Panonie or Csepele.<\/strong><\/p>\n<p>[\/vc_column_text][vc_column_text el_class=&#8221;btnPerly&#8221;]<\/p>\n<p style=\"text-align: center;\"><a href=\"https:\/\/muzeum.bialaolecka.pl\/en\/pearls-in-the-crown\/\">Pearls in the crown \u2192<\/a><\/p>\n<p>[\/vc_column_text][\/vc_column][vc_column width=&#8221;1\/2&#8243;][vc_single_image image=&#8221;24628&#8243; img_size=&#8221;medium&#8221; alignment=&#8221;center&#8221;][\/vc_column][\/vc_row][vc_row][vc_column css=&#8221;.vc_custom_1654605174088{margin-bottom: 0px !important;border-bottom-width: 0px !important;padding-bottom: 0px !important;}&#8221;]\n\t\t\t<!-- START zobacztakze REVOLUTION SLIDER 6.5.14 --><p class=\"rs-p-wp-fix\"><\/p>\n\t\t\t<rs-module-wrap id=\"rev_slider_82_2_wrapper\" data-source=\"gallery\" style=\"visibility:hidden;background:transparent;padding:0;margin:0px auto;margin-top:0;margin-bottom:0;\">\n\t\t\t\t<rs-module id=\"rev_slider_82_2\" style=\"\" data-version=\"6.5.14\">\n\t\t\t\t\t<rs-slides>\n\t\t\t\t\t\t<rs-slide style=\"position: absolute;\" data-key=\"rs-271\" data-title=\"Slide\" data-in=\"o:0;\" data-out=\"a:false;\">\n\t\t\t\t\t\t\t<img src=\"\/\/muzeum.bialaolecka.pl\/en\/wp-content\/plugins\/revslider\/public\/assets\/assets\/dummy.png\" alt=\"Slide\" title=\"Southern collection\" class=\"rev-slidebg tp-rs-img rs-lazyload\" data-lazyload=\"\/\/muzeum.bialaolecka.pl\/en\/wp-content\/plugins\/revslider\/public\/assets\/assets\/transparent.png\" data-bg=\"c:#ffffff;\" data-no-retina>\n<!--\n\t\t\t\t\t\t\t--><rs-layer\n\t\t\t\t\t\t\t\tid=\"slider-82-slide-271-layer-0\" \n\t\t\t\t\t\t\t\tdata-type=\"text\"\n\t\t\t\t\t\t\t\tdata-color=\"#000000\"\n\t\t\t\t\t\t\t\tdata-rsp_ch=\"on\"\n\t\t\t\t\t\t\t\tdata-xy=\"x:c;yo:97px,97px,97px,37px;\"\n\t\t\t\t\t\t\t\tdata-text=\"w:normal;s:34,34,34,40;l:25,25,25,30;a:center;\"\n\t\t\t\t\t\t\t\tdata-frame_0=\"x:0,0,0,0px;y:0,0,0,0px;\"\n\t\t\t\t\t\t\t\tdata-frame_1=\"x:0,0,0,0px;y:0,0,0,0px;\"\n\t\t\t\t\t\t\t\tdata-frame_999=\"o:0;st:w;\"\n\t\t\t\t\t\t\t\tstyle=\"z-index:5;font-family:'Limelight';\"\n\t\t\t\t\t\t\t>SEE ALSO \n\t\t\t\t\t\t\t<\/rs-layer><!--\n\n\t\t\t\t\t\t\t--><a\n\t\t\t\t\t\t\t\tid=\"slider-82-slide-271-layer-1\" \n\t\t\t\t\t\t\t\tclass=\"rs-layer\"\n\t\t\t\t\t\t\t\thref=\"https:\/\/muzeum.bialaolecka.pl\/en\/western-bloc-collection\/\" target=\"_self\"\n\t\t\t\t\t\t\t\tdata-type=\"image\"\n\t\t\t\t\t\t\t\tdata-rsp_ch=\"on\"\n\t\t\t\t\t\t\t\tdata-xy=\"xo:5px,5px,5px,26px;yo:234px,234px,234px,92px;\"\n\t\t\t\t\t\t\t\tdata-text=\"w:normal;s:20,20,20,7;l:0,0,0,9;\"\n\t\t\t\t\t\t\t\tdata-dim=\"w:314px,314px,314px,216px;h:386px,386px,386px,266px;\"\n\t\t\t\t\t\t\t\tdata-frame_999=\"o:0;st:w;\"\n\t\t\t\t\t\t\t\tdata-frame_hover=\"sX:1.02;sY:1.02;\"\n\t\t\t\t\t\t\t\tstyle=\"z-index:6;\"\n\t\t\t\t\t\t\t><img src=\"\/\/muzeum.bialaolecka.pl\/en\/wp-content\/plugins\/revslider\/public\/assets\/assets\/dummy.png\" alt=\"\" class=\"tp-rs-img rs-lazyload\" width=\"483\" height=\"594\" data-lazyload=\"\/\/muzeum.bialaolecka.pl\/en\/wp-content\/uploads\/2023\/07\/western-collection.jpg\" data-no-retina> \n\t\t\t\t\t\t\t<\/a><!--\n\n\t\t\t\t\t\t\t--><a\n\t\t\t\t\t\t\t\tid=\"slider-82-slide-271-layer-4\" \n\t\t\t\t\t\t\t\tclass=\"rs-layer\"\n\t\t\t\t\t\t\t\thref=\"https:\/\/muzeum.bialaolecka.pl\/en\/southern-collection\/\" target=\"_self\"\n\t\t\t\t\t\t\t\tdata-type=\"image\"\n\t\t\t\t\t\t\t\tdata-rsp_ch=\"on\"\n\t\t\t\t\t\t\t\tdata-xy=\"xo:312px,312px,312px,25px;y:m;yo:111px,111px,111px,156px;\"\n\t\t\t\t\t\t\t\tdata-text=\"w:normal;s:20,20,20,7;l:0,0,0,9;\"\n\t\t\t\t\t\t\t\tdata-dim=\"w:312px,312px,312px,216px;h:384px,384px,384px,267px;\"\n\t\t\t\t\t\t\t\tdata-frame_999=\"o:0;st:w;\"\n\t\t\t\t\t\t\t\tdata-frame_hover=\"sX:1.02;sY:1.02;\"\n\t\t\t\t\t\t\t\tstyle=\"z-index:7;\"\n\t\t\t\t\t\t\t><img src=\"\/\/muzeum.bialaolecka.pl\/en\/wp-content\/plugins\/revslider\/public\/assets\/assets\/dummy.png\" alt=\"\" class=\"tp-rs-img rs-lazyload\" width=\"483\" height=\"594\" data-lazyload=\"\/\/muzeum.bialaolecka.pl\/en\/wp-content\/uploads\/2023\/07\/southern-collection.jpg\" data-no-retina> \n\t\t\t\t\t\t\t<\/a><!--\n\n\t\t\t\t\t\t\t--><a\n\t\t\t\t\t\t\t\tid=\"slider-82-slide-271-layer-5\" \n\t\t\t\t\t\t\t\tclass=\"rs-layer\"\n\t\t\t\t\t\t\t\thref=\"https:\/\/muzeum.bialaolecka.pl\/en\/eastern-bloc-collection\/\" target=\"_self\"\n\t\t\t\t\t\t\t\tdata-type=\"image\"\n\t\t\t\t\t\t\t\tdata-rsp_ch=\"on\"\n\t\t\t\t\t\t\t\tdata-xy=\"x:c;xo:149px,149px,149px,120px;yo:224px,224px,224px,92px;\"\n\t\t\t\t\t\t\t\tdata-text=\"w:normal;s:20,20,20,7;l:0,0,0,9;\"\n\t\t\t\t\t\t\t\tdata-dim=\"w:314px,314px,314px,217px;h:386px,386px,386px,267px;\"\n\t\t\t\t\t\t\t\tdata-frame_999=\"o:0;st:w;\"\n\t\t\t\t\t\t\t\tdata-frame_hover=\"sX:1.02;sY:1.02;\"\n\t\t\t\t\t\t\t\tstyle=\"z-index:8;\"\n\t\t\t\t\t\t\t><img src=\"\/\/muzeum.bialaolecka.pl\/en\/wp-content\/plugins\/revslider\/public\/assets\/assets\/dummy.png\" alt=\"\" class=\"tp-rs-img rs-lazyload\" width=\"483\" height=\"594\" data-lazyload=\"\/\/muzeum.bialaolecka.pl\/en\/wp-content\/uploads\/2023\/07\/eastern-collection.jpg\" data-no-retina> \n\t\t\t\t\t\t\t<\/a><!--\n\n\t\t\t\t\t\t\t--><a\n\t\t\t\t\t\t\t\tid=\"slider-82-slide-271-layer-6\" \n\t\t\t\t\t\t\t\tclass=\"rs-layer\"\n\t\t\t\t\t\t\t\thref=\"https:\/\/muzeum.bialaolecka.pl\/en\/vehicles-of-power\/\" target=\"_self\"\n\t\t\t\t\t\t\t\tdata-type=\"image\"\n\t\t\t\t\t\t\t\tdata-rsp_ch=\"on\"\n\t\t\t\t\t\t\t\tdata-xy=\"x:r;xo:6px,6px,6px,11px;y:m;yo:105px,105px,105px,155px;\"\n\t\t\t\t\t\t\t\tdata-text=\"w:normal;s:20,20,20,7;l:0,0,0,9;\"\n\t\t\t\t\t\t\t\tdata-dim=\"w:312px,312px,312px,216px;h:386px,386px,386px,267px;\"\n\t\t\t\t\t\t\t\tdata-frame_999=\"o:0;st:w;\"\n\t\t\t\t\t\t\t\tdata-frame_hover=\"sX:1.02;sY:1.02;\"\n\t\t\t\t\t\t\t\tstyle=\"z-index:9;\"\n\t\t\t\t\t\t\t><img src=\"\/\/muzeum.bialaolecka.pl\/en\/wp-content\/plugins\/revslider\/public\/assets\/assets\/dummy.png\" alt=\"\" class=\"tp-rs-img rs-lazyload\" width=\"386\" height=\"477\" data-lazyload=\"\/\/muzeum.bialaolecka.pl\/en\/wp-content\/uploads\/2023\/07\/vehicls.jpg\" data-no-retina> \n\t\t\t\t\t\t\t<\/a><!--\n-->\t\t\t\t\t\t<\/rs-slide>\n\t\t\t\t\t<\/rs-slides>\n\t\t\t\t<\/rs-module>\n\t\t\t\t<script>\n\t\t\t\t\tsetREVStartSize({c: 'rev_slider_82_2',rl:[1240,1240,1240,480],el:[745,745,745,720],gw:[1240,1240,1240,480],gh:[745,745,745,720],type:'standard',justify:'',layout:'fullwidth',mh:\"0\"});if (window.RS_MODULES!==undefined && window.RS_MODULES.modules!==undefined && window.RS_MODULES.modules[\"revslider822\"]!==undefined) {window.RS_MODULES.modules[\"revslider822\"].once = false;window.revapi82 = undefined;if (window.RS_MODULES.checkMinimal!==undefined) window.RS_MODULES.checkMinimal()}\n\t\t\t\t<\/script>\n\t\t\t<\/rs-module-wrap>\n\t\t\t<!-- END REVOLUTION SLIDER -->\n[\/vc_column][\/vc_row]<\/p>\n","protected":false},"excerpt":{"rendered":"<p>[vc_row][vc_column][\/vc_column][\/vc_row][vc_row css=&#8221;.vc_custom_1655818215994{margin-top: 40px !important;}&#8221;][vc_column width=&#8221;1\/2&#8243; css=&#8221;.vc_custom_1654604905204{padding-left: 2vh !important;}&#8221;][vc_column_text css=&#8221;.vc_custom_1688723427293{padding-top: 4vh !important;}&#8221;] And what would the automotive adventure be for Poles if not for the rich tradition and range of single-track vehicles produced in Czechoslovakia? There are 30 exhibits in the collection. Even being a cinderella among vehicle manufacturers, do Romania [&#8230;]<\/p>\n","protected":false},"author":1,"featured_media":0,"parent":0,"menu_order":0,"comment_status":"closed","ping_status":"closed","template":"","meta":[],"yoast_head":"<!-- This site is optimized with the Yoast SEO plugin v19.1 - https:\/\/yoast.com\/wordpress\/plugins\/seo\/ -->\n<title>Southern collection - Muzeum Bia\u0142a Olecka<\/title>\n<meta name=\"robots\" content=\"index, follow, max-snippet:-1, max-image-preview:large, max-video-preview:-1\" \/>\n<link rel=\"canonical\" href=\"https:\/\/muzeum.bialaolecka.pl\/en\/southern-collection\/\" \/>\n<meta property=\"og:locale\" content=\"pl_PL\" \/>\n<meta property=\"og:type\" content=\"article\" \/>\n<meta property=\"og:title\" content=\"Southern collection - Muzeum Bia\u0142a Olecka\" \/>\n<meta property=\"og:description\" content=\"[vc_row][vc_column][\/vc_column][\/vc_row][vc_row css=&#8221;.vc_custom_1655818215994{margin-top: 40px !important;}&#8221;][vc_column width=&#8221;1\/2&#8243; css=&#8221;.vc_custom_1654604905204{padding-left: 2vh !important;}&#8221;][vc_column_text css=&#8221;.vc_custom_1688723427293{padding-top: 4vh !important;}&#8221;] And what would the automotive adventure be for Poles if not for the rich tradition and range of single-track vehicles produced in Czechoslovakia? There are 30 exhibits in the collection. Even being a cinderella among vehicle manufacturers, do Romania [...]\" \/>\n<meta property=\"og:url\" content=\"https:\/\/muzeum.bialaolecka.pl\/en\/southern-collection\/\" \/>\n<meta property=\"og:site_name\" content=\"Muzeum Bia\u0142a Olecka\" \/>\n<meta property=\"article:modified_time\" content=\"2023-07-07T09:51:08+00:00\" \/>\n<meta name=\"twitter:card\" content=\"summary\" \/>\n<meta name=\"twitter:label1\" content=\"Szacowany czas czytania\" \/>\n\t<meta name=\"twitter:data1\" content=\"1 minuta\" \/>\n<script type=\"application\/ld+json\" class=\"yoast-schema-graph\">{\"@context\":\"https:\/\/schema.org\",\"@graph\":[{\"@type\":\"WebSite\",\"@id\":\"https:\/\/muzeum.bialaolecka.pl\/en\/#website\",\"url\":\"https:\/\/muzeum.bialaolecka.pl\/en\/\",\"name\":\"Muzeum Bia\u0142a Olecka\",\"description\":\"Muzeum Bia\u0142a Olecka\",\"potentialAction\":[{\"@type\":\"SearchAction\",\"target\":{\"@type\":\"EntryPoint\",\"urlTemplate\":\"https:\/\/muzeum.bialaolecka.pl\/en\/?s={search_term_string}\"},\"query-input\":\"required name=search_term_string\"}],\"inLanguage\":\"pl-PL\"},{\"@type\":\"WebPage\",\"@id\":\"https:\/\/muzeum.bialaolecka.pl\/en\/southern-collection\/#webpage\",\"url\":\"https:\/\/muzeum.bialaolecka.pl\/en\/southern-collection\/\",\"name\":\"Southern collection - Muzeum Bia\u0142a Olecka\",\"isPartOf\":{\"@id\":\"https:\/\/muzeum.bialaolecka.pl\/en\/#website\"},\"datePublished\":\"2022-06-02T07:39:35+00:00\",\"dateModified\":\"2023-07-07T09:51:08+00:00\",\"breadcrumb\":{\"@id\":\"https:\/\/muzeum.bialaolecka.pl\/en\/southern-collection\/#breadcrumb\"},\"inLanguage\":\"pl-PL\",\"potentialAction\":[{\"@type\":\"ReadAction\",\"target\":[\"https:\/\/muzeum.bialaolecka.pl\/en\/southern-collection\/\"]}]},{\"@type\":\"BreadcrumbList\",\"@id\":\"https:\/\/muzeum.bialaolecka.pl\/en\/southern-collection\/#breadcrumb\",\"itemListElement\":[{\"@type\":\"ListItem\",\"position\":1,\"name\":\"Strona g\u0142\u00f3wna\",\"item\":\"https:\/\/muzeum.bialaolecka.pl\/en\/\"},{\"@type\":\"ListItem\",\"position\":2,\"name\":\"Southern collection\"}]}]}<\/script>\n<!-- \/ Yoast SEO plugin. -->","yoast_head_json":{"title":"Southern collection - Muzeum Bia\u0142a Olecka","robots":{"index":"index","follow":"follow","max-snippet":"max-snippet:-1","max-image-preview":"max-image-preview:large","max-video-preview":"max-video-preview:-1"},"canonical":"https:\/\/muzeum.bialaolecka.pl\/en\/southern-collection\/","og_locale":"pl_PL","og_type":"article","og_title":"Southern collection - Muzeum Bia\u0142a Olecka","og_description":"[vc_row][vc_column][\/vc_column][\/vc_row][vc_row css=&#8221;.vc_custom_1655818215994{margin-top: 40px !important;}&#8221;][vc_column width=&#8221;1\/2&#8243; css=&#8221;.vc_custom_1654604905204{padding-left: 2vh !important;}&#8221;][vc_column_text css=&#8221;.vc_custom_1688723427293{padding-top: 4vh !important;}&#8221;] And what would the automotive adventure be for Poles if not for the rich tradition and range of single-track vehicles produced in Czechoslovakia? There are 30 exhibits in the collection. Even being a cinderella among vehicle manufacturers, do Romania [...]","og_url":"https:\/\/muzeum.bialaolecka.pl\/en\/southern-collection\/","og_site_name":"Muzeum Bia\u0142a Olecka","article_modified_time":"2023-07-07T09:51:08+00:00","twitter_card":"summary","twitter_misc":{"Szacowany czas czytania":"1 minuta"},"schema":{"@context":"https:\/\/schema.org","@graph":[{"@type":"WebSite","@id":"https:\/\/muzeum.bialaolecka.pl\/en\/#website","url":"https:\/\/muzeum.bialaolecka.pl\/en\/","name":"Muzeum Bia\u0142a Olecka","description":"Muzeum Bia\u0142a Olecka","potentialAction":[{"@type":"SearchAction","target":{"@type":"EntryPoint","urlTemplate":"https:\/\/muzeum.bialaolecka.pl\/en\/?s={search_term_string}"},"query-input":"required name=search_term_string"}],"inLanguage":"pl-PL"},{"@type":"WebPage","@id":"https:\/\/muzeum.bialaolecka.pl\/en\/southern-collection\/#webpage","url":"https:\/\/muzeum.bialaolecka.pl\/en\/southern-collection\/","name":"Southern collection - Muzeum Bia\u0142a Olecka","isPartOf":{"@id":"https:\/\/muzeum.bialaolecka.pl\/en\/#website"},"datePublished":"2022-06-02T07:39:35+00:00","dateModified":"2023-07-07T09:51:08+00:00","breadcrumb":{"@id":"https:\/\/muzeum.bialaolecka.pl\/en\/southern-collection\/#breadcrumb"},"inLanguage":"pl-PL","potentialAction":[{"@type":"ReadAction","target":["https:\/\/muzeum.bialaolecka.pl\/en\/southern-collection\/"]}]},{"@type":"BreadcrumbList","@id":"https:\/\/muzeum.bialaolecka.pl\/en\/southern-collection\/#breadcrumb","itemListElement":[{"@type":"ListItem","position":1,"name":"Strona g\u0142\u00f3wna","item":"https:\/\/muzeum.bialaolecka.pl\/en\/"},{"@type":"ListItem","position":2,"name":"Southern collection"}]}]}},"_links":{"self":[{"href":"https:\/\/muzeum.bialaolecka.pl\/en\/wp-json\/wp\/v2\/pages\/24254"}],"collection":[{"href":"https:\/\/muzeum.bialaolecka.pl\/en\/wp-json\/wp\/v2\/pages"}],"about":[{"href":"https:\/\/muzeum.bialaolecka.pl\/en\/wp-json\/wp\/v2\/types\/page"}],"author":[{"embeddable":true,"href":"https:\/\/muzeum.bialaolecka.pl\/en\/wp-json\/wp\/v2\/users\/1"}],"replies":[{"embeddable":true,"href":"https:\/\/muzeum.bialaolecka.pl\/en\/wp-json\/wp\/v2\/comments?post=24254"}],"version-history":[{"count":4,"href":"https:\/\/muzeum.bialaolecka.pl\/en\/wp-json\/wp\/v2\/pages\/24254\/revisions"}],"predecessor-version":[{"id":25529,"href":"https:\/\/muzeum.bialaolecka.pl\/en\/wp-json\/wp\/v2\/pages\/24254\/revisions\/25529"}],"wp:attachment":[{"href":"https:\/\/muzeum.bialaolecka.pl\/en\/wp-json\/wp\/v2\/media?parent=24254"}],"curies":[{"name":"wp","href":"https:\/\/api.w.org\/{rel}","templated":true}]}}